{"id":24130,"date":"2026-03-09T22:27:44","date_gmt":"2026-03-09T21:27:44","guid":{"rendered":"https:\/\/osteo-gribaumont.be\/?page_id=24130"},"modified":"2026-03-16T14:16:57","modified_gmt":"2026-03-16T13:16:57","slug":"alexia-vananderode","status":"publish","type":"page","link":"https:\/\/osteo-gribaumont.be\/index.php\/alexia-vananderode\/","title":{"rendered":"Alexia Vananderode"},"content":{"rendered":"<p>[et_pb_section fb_built=&#8221;1&#8243; _builder_version=&#8221;3.19.3&#8243; custom_padding=&#8221;54px|0px|0|0px|false|false&#8221;][et_pb_row _builder_version=&#8221;3.19.3&#8243;][et_pb_column type=&#8221;1_2&#8243; _builder_version=&#8221;3.19.3&#8243; parallax=&#8221;off&#8221; parallax_method=&#8221;on&#8221;][et_pb_team_member name=&#8221;Alexia Vananderode &#8211; Kin\u00e9siologue&#8221; image_url=&#8221;https:\/\/osteo-gribaumont.be\/wp-content\/uploads\/2026\/03\/alexia-vananderode.jpeg&#8221; _builder_version=&#8221;3.19.3&#8243; header_font=&#8221;Montserrat||||||||&#8221; header_text_color=&#8221;#55596d&#8221; header_font_size=&#8221;24px&#8221; header_line_height=&#8221;1.5em&#8221; body_font=&#8221;Montserrat||||||||&#8221; body_text_color=&#8221;#adcede&#8221; body_font_size=&#8221;17px&#8221; body_line_height=&#8221;1.4em&#8221; border_width_all_image=&#8221;17px&#8221; border_color_all_image=&#8221;#f1f5f7&#8243; text_orientation=&#8221;left&#8221; background_layout=&#8221;dark&#8221;]<\/p>\n<p><strong>Consultations :&nbsp;<\/strong><br \/>\n<em>Jeudi : 09h00-17h00<\/em><\/p>\n<p><strong>FR-NL-EN<\/strong><\/p>\n<p>[\/et_pb_team_member][\/et_pb_column][et_pb_column type=&#8221;1_2&#8243; _builder_version=&#8221;3.19.3&#8243; parallax=&#8221;off&#8221; parallax_method=&#8221;on&#8221;][et_pb_text _builder_version=&#8221;3.19.3&#8243; text_font=&#8221;Montserrat||||||||&#8221; text_text_color=&#8221;#adcede&#8221; text_font_size=&#8221;15px&#8221;]<\/p>\n<p>Maman de deux enfants, curieuse de la vie, \u00e0 l\u2019\u00e9coute, et profond\u00e9ment tourn\u00e9e vers l\u2019humain.<\/p>\n<p>Avant d\u2019\u00e9couter les autres, j\u2019ai appris \u00e0 m\u2019\u00e9couter moi. J\u2019ai travaill\u00e9 plusieurs ann\u00e9es comme cadre dans le marketing, dans un rythme soutenu, avec des objectifs \u00e0 atteindre. <\/p>\n<p>Mais au fond de moi, un \u00e9lan manquait. J\u2019avais besoin de retrouver du sens, de la pr\u00e9sence, de la douceur. J\u2019ai d\u00e9cid\u00e9 de changer de cap pour me reconnecter \u00e0 mes valeurs et \u00e0 ce qui me faisait vibrer.<\/p>\n<p>C\u2019est \u00e0 ce moment-l\u00e0 que la kin\u00e9siologie est entr\u00e9e dans ma vie. Une vraie rencontre. Une porte vers plus de clart\u00e9, d\u2019\u00e9nergie et d\u2019alignement.<\/p>\n<p>Aujourd\u2019hui, j\u2019accompagne petits et grands \u00e0 faire ce m\u00eame chemin, chacun \u00e0 son rythme. J\u2019accueille ce qui est l\u00e0, sans jugement, et j\u2019avance avec toi pour remettre du mouvement l\u00e0 o\u00f9 \u00e7a bloque.<\/p>\n<p>Je suis dipl\u00f4m\u00e9e de l\u2019\u00c9cole Professionelle de Kin\u00e9siologie et form\u00e9e \u00e0 diff\u00e9rentes approches de la kin\u00e9siologie pour m\u2019adapter au plus juste \u00e0 chaque personne: Touch for Health, Stress Release, SIPS, Core Kinesiology ainsi que la kin\u00e9siologie p\u00e9rinatale.<\/p>\n<p>Chaque s\u00e9ance est pour moi un espace de lien, de confiance, de retour \u00e0 soi.<br \/>\nUn moment pour se d\u00e9poser, se recentrer\u2026 et repartir plus l\u00e9ger.e.<\/p>\n<p>Je suis aussi sur instagram : @kinesio_alexia<\/p>\n<p>Pour la prise de RDV voici le lien: www.kinesioalexia.com<\/p>\n<p>[\/et_pb_text][et_pb_button button_url=&#8221;https:\/\/calendly.com\/a-vananderode\/seance-adulte&#8221; button_text=&#8221;RDV en ligne &#8221; _builder_version=&#8221;3.19.3&#8243;][\/et_pb_button][\/et_pb_column][\/et_pb_row][\/et_pb_section]<\/p>\n","protected":false},"excerpt":{"rendered":"","protected":false},"author":1,"featured_media":0,"parent":0,"menu_order":0,"comment_status":"closed","ping_status":"closed","template":"","meta":{"_et_pb_use_builder":"","_et_pb_old_content":"","footnotes":""},"_links":{"self":[{"href":"https:\/\/osteo-gribaumont.be\/index.php\/wp-json\/wp\/v2\/pages\/24130"}],"collection":[{"href":"https:\/\/osteo-gribaumont.be\/index.php\/wp-json\/wp\/v2\/pages"}],"about":[{"href":"https:\/\/osteo-gribaumont.be\/index.php\/wp-json\/wp\/v2\/types\/page"}],"author":[{"embeddable":true,"href":"https:\/\/osteo-gribaumont.be\/index.php\/wp-json\/wp\/v2\/users\/1"}],"replies":[{"embeddable":true,"href":"https:\/\/osteo-gribaumont.be\/index.php\/wp-json\/wp\/v2\/comments?post=24130"}],"version-history":[{"count":8,"href":"https:\/\/osteo-gribaumont.be\/index.php\/wp-json\/wp\/v2\/pages\/24130\/revisions"}],"predecessor-version":[{"id":24174,"href":"https:\/\/osteo-gribaumont.be\/index.php\/wp-json\/wp\/v2\/pages\/24130\/revisions\/24174"}],"wp:attachment":[{"href":"https:\/\/osteo-gribaumont.be\/index.php\/wp-json\/wp\/v2\/media?parent=24130"}],"curies":[{"name":"wp","href":"https:\/\/api.w.org\/{rel}","templated":true}]}}