{"id":67,"date":"2019-01-05T17:51:09","date_gmt":"2019-01-05T16:51:09","guid":{"rendered":"http:\/\/gustinducarme.be\/?page_id=67"},"modified":"2026-03-16T14:13:48","modified_gmt":"2026-03-16T13:13:48","slug":"alice-ducarme","status":"publish","type":"page","link":"https:\/\/osteo-gribaumont.be\/index.php\/alice-ducarme\/","title":{"rendered":"Alice Ducarme"},"content":{"rendered":"<p>[et_pb_section fb_built=&#8221;1&#8243; _builder_version=&#8221;3.19.3&#8243; custom_padding=&#8221;54px|0px|0|0px|false|false&#8221;][et_pb_row _builder_version=&#8221;3.19.3&#8243;][et_pb_column type=&#8221;1_2&#8243; _builder_version=&#8221;3.19.3&#8243; parallax=&#8221;off&#8221; parallax_method=&#8221;on&#8221;][et_pb_team_member name=&#8221;Alice Ducarme &#8211; Ost\u00e9opathe DO &#8211; Kin\u00e9sith\u00e9rapeute&#8221; image_url=&#8221;https:\/\/osteo-gribaumont.be\/wp-content\/uploads\/2022\/03\/alice-ducarme-osteopathe-min.jpeg&#8221; _builder_version=&#8221;3.19.3&#8243; header_font=&#8221;Montserrat||||||||&#8221; header_text_color=&#8221;#55596d&#8221; header_font_size=&#8221;24px&#8221; header_line_height=&#8221;1.5em&#8221; body_font=&#8221;Montserrat||||||||&#8221; body_text_color=&#8221;#adcede&#8221; body_font_size=&#8221;17px&#8221; body_line_height=&#8221;1.4em&#8221; border_width_all_image=&#8221;17px&#8221; border_color_all_image=&#8221;#f1f5f7&#8243; text_orientation=&#8221;left&#8221; background_layout=&#8221;dark&#8221;]<\/p>\n<p><strong>Kin\u00e9sith\u00e9rapeute<\/strong> &#8211; UCL<br \/>\n<strong>Ost\u00e9opathe<\/strong> &#8211; I.A.O (The International Academy of Osteopathy).<\/p>\n<p><strong>Formations compl\u00e9mentaires<\/strong> &#8211; Ost\u00e9opathie p\u00e9diatrique (Module 1) M.C. Willi\u00e8me &#8211; Grossesse et post-partum M.C. Willi\u00e8me<\/p>\n<p><strong>Consultations :\u00a0<\/strong><br \/>\n<em>Lundi : 09h00-17h00<\/em><br \/>\n<em>Mardi : 14h00-19h00<\/em><br \/>\n<em>Jeudi : 09h00-17h00<\/em><br \/>\n<em>Vendredi : 14h00-19h00<\/em><\/p>\n<p><strong>FR-EN<\/strong><\/p>\n<p>[\/et_pb_team_member][\/et_pb_column][et_pb_column type=&#8221;1_2&#8243; _builder_version=&#8221;3.19.3&#8243; parallax=&#8221;off&#8221; parallax_method=&#8221;on&#8221;][et_pb_text _builder_version=&#8221;3.19.3&#8243; text_font=&#8221;Montserrat||||||||&#8221; text_text_color=&#8221;#adcede&#8221; text_font_size=&#8221;15px&#8221;]<\/p>\n<p>Licenci\u00e9e en kin\u00e9sith\u00e9rapie et r\u00e9adaptation \u00e0 l\u2019UCL (universit\u00e9 catholique de Louvain-la-Neuve, Belgique) en 2013, j\u2019ai d\u00e9but\u00e9 mon activit\u00e9 professionnelle \u00e0 Bruxelles dans un cabinet lib\u00e9ral regroupant diff\u00e9rents Kin\u00e9sith\u00e9rapeutes. Apr\u00e8s deux ann\u00e9es de pratique, j\u2019ai d\u00e9cid\u00e9 d\u2019entamer des \u00e9tudes d\u2019ost\u00e9opathie \u00e0 l\u2019IAO (The International Academy Of Osteopathy) que je finalise en janvier 2021. L\u2019aspect diagnostique et la vision globale au c\u0153ur de la pratique de l&#8217;ost\u00e9opathie permettent de traiter chaque patient de mani\u00e8re sp\u00e9cifique et pr\u00e9cise.<\/p>\n<p>[\/et_pb_text][et_pb_button button_url=&#8221;https:\/\/www.doctoranytime.be\/d\/osteopathe\/alice-ducarme&#8221; button_text=&#8221;RDV en ligne &#8221; _builder_version=&#8221;3.19.3&#8243;][\/et_pb_button][\/et_pb_column][\/et_pb_row][\/et_pb_section]<\/p>\n","protected":false},"excerpt":{"rendered":"<p>[et_pb_section fb_built=&#8221;1&#8243; _builder_version=&#8221;3.19.3&#8243; custom_padding=&#8221;54px|0px|0|0px|false|false&#8221;][et_pb_row _builder_version=&#8221;3.19.3&#8243;][et_pb_column type=&#8221;1_2&#8243; _builder_version=&#8221;3.19.3&#8243; parallax=&#8221;off&#8221; parallax_method=&#8221;on&#8221;][et_pb_team_member name=&#8221;Alice Ducarme &#8211; Ost\u00e9opathe DO &#8211; Kin\u00e9sith\u00e9rapeute&#8221; image_url=&#8221;https:\/\/osteo-gribaumont.be\/wp-content\/uploads\/2022\/03\/alice-ducarme-osteopathe-min.jpeg&#8221; _builder_version=&#8221;3.19.3&#8243; header_font=&#8221;Montserrat||||||||&#8221; header_text_color=&#8221;#55596d&#8221; header_font_size=&#8221;24px&#8221; header_line_height=&#8221;1.5em&#8221; body_font=&#8221;Montserrat||||||||&#8221; body_text_color=&#8221;#adcede&#8221; body_font_size=&#8221;17px&#8221; body_line_height=&#8221;1.4em&#8221; border_width_all_image=&#8221;17px&#8221; border_color_all_image=&#8221;#f1f5f7&#8243; text_orientation=&#8221;left&#8221; background_layout=&#8221;dark&#8221;] Kin\u00e9sith\u00e9rapeute &#8211; UCL Ost\u00e9opathe &#8211; I.A.O (The International Academy of Osteopathy). Formations compl\u00e9mentaires &#8211; Ost\u00e9opathie p\u00e9diatrique (Module 1) M.C. Willi\u00e8me &#8211; Grossesse et post-partum M.C. [&hellip;]<\/p>\n","protected":false},"author":1,"featured_media":0,"parent":0,"menu_order":0,"comment_status":"closed","ping_status":"closed","template":"","meta":{"_et_pb_use_builder":"on","_et_pb_old_content":"","footnotes":""},"_links":{"self":[{"href":"https:\/\/osteo-gribaumont.be\/index.php\/wp-json\/wp\/v2\/pages\/67"}],"collection":[{"href":"https:\/\/osteo-gribaumont.be\/index.php\/wp-json\/wp\/v2\/pages"}],"about":[{"href":"https:\/\/osteo-gribaumont.be\/index.php\/wp-json\/wp\/v2\/types\/page"}],"author":[{"embeddable":true,"href":"https:\/\/osteo-gribaumont.be\/index.php\/wp-json\/wp\/v2\/users\/1"}],"replies":[{"embeddable":true,"href":"https:\/\/osteo-gribaumont.be\/index.php\/wp-json\/wp\/v2\/comments?post=67"}],"version-history":[{"count":42,"href":"https:\/\/osteo-gribaumont.be\/index.php\/wp-json\/wp\/v2\/pages\/67\/revisions"}],"predecessor-version":[{"id":24171,"href":"https:\/\/osteo-gribaumont.be\/index.php\/wp-json\/wp\/v2\/pages\/67\/revisions\/24171"}],"wp:attachment":[{"href":"https:\/\/osteo-gribaumont.be\/index.php\/wp-json\/wp\/v2\/media?parent=67"}],"curies":[{"name":"wp","href":"https:\/\/api.w.org\/{rel}","templated":true}]}}