{"id":69,"date":"2019-01-05T17:51:22","date_gmt":"2019-01-05T16:51:22","guid":{"rendered":"http:\/\/gustinducarme.be\/?page_id=69"},"modified":"2026-03-16T13:23:29","modified_gmt":"2026-03-16T12:23:29","slug":"lucas-vanpeperstraete","status":"publish","type":"page","link":"https:\/\/osteo-gribaumont.be\/index.php\/lucas-vanpeperstraete\/","title":{"rendered":"Lucas Vanpeperstraete \u2013 Ost\u00e9opathe"},"content":{"rendered":"<p>[et_pb_section fb_built=&#8221;1&#8243; _builder_version=&#8221;3.19.3&#8243;][et_pb_row custom_padding=&#8221;22px|0px|24.9375px|0px|false|false&#8221; _builder_version=&#8221;3.19.3&#8243;][et_pb_column type=&#8221;1_2&#8243; _builder_version=&#8221;3.19.3&#8243; parallax=&#8221;off&#8221; parallax_method=&#8221;on&#8221;][et_pb_team_member name=&#8221;Lucas Vanpeperstraete &#8211; Ost\u00e9opathe &#8221; image_url=&#8221;https:\/\/osteo-gribaumont.be\/wp-content\/uploads\/2025\/12\/WhatsApp-Image-2025-12-03-a-14.35.08_b9084f80.jpg&#8221; _builder_version=&#8221;3.19.3&#8243; header_font=&#8221;Montserrat||||||||&#8221; header_text_color=&#8221;#55596d&#8221; header_font_size=&#8221;24px&#8221; header_line_height=&#8221;1.5em&#8221; body_font=&#8221;Montserrat||||||||&#8221; body_text_color=&#8221;#adcede&#8221; body_font_size=&#8221;17px&#8221; body_line_height=&#8221;1.4em&#8221; border_width_all_image=&#8221;17px&#8221; border_color_all_image=&#8221;#f1f5f7&#8243; text_orientation=&#8221;left&#8221; background_layout=&#8221;dark&#8221;]<\/p>\n<p>Ost\u00e9opathe &#8211; FR-EN<\/p>\n<p><span style=\"text-decoration: underline;\"><em>Consultations :<\/em><\/span><\/p>\n<p><em>mercredi : 08h-20h<\/em><\/p>\n<p><em><span style=\"text-decoration: underline;\">RDV :<\/span>\u00a0<\/em><em>+ 33 7 85 56 58 57\u00a0<\/em><\/p>\n<p><em><a href=\"mailto:lucas.vanpeperstraete@gmail.com\">lucas.vanpeperstraete@gmail.com<\/a><\/em><\/p>\n<p>[\/et_pb_team_member][\/et_pb_column][et_pb_column type=&#8221;1_2&#8243; _builder_version=&#8221;3.19.3&#8243; parallax=&#8221;off&#8221; parallax_method=&#8221;on&#8221;][et_pb_text _builder_version=&#8221;3.19.3&#8243; text_font=&#8221;Montserrat||||||||&#8221; text_text_color=&#8221;#adcede&#8221; text_font_size=&#8221;15px&#8221;]<\/p>\n<p>Dipl\u00f4m\u00e9 Ost\u00e9opathe D.O. en juillet 2023 en raison d\u2019un attrait particulier pour le sens du toucher, je vous accueille au cabinet Gribaumont avec bienveillance. Gr\u00e2ce \u00e0 mes 5 ann\u00e9es d\u2019\u00e9tude en France et \u00e0 mon exp\u00e9rience canadienne, j\u2019ai acquis les comp\u00e9tences n\u00e9cessaires \u00e0 la prise en charge ost\u00e9opathique de tous types de patients, du nourrisson au senior, en passant par la femme enceinte et le sportif. J\u2019ai un int\u00e9r\u00eat particulier pour le domaine de la p\u00e9rinatalit\u00e9, pour les techniques visc\u00e9rales et pour les petits troubles du quotidien.<br \/>\nMa mission principale consiste en l\u2019\u00e9valuation et le traitement manuel des restrictions de mobilit\u00e9, tout en vous guidant dans la gestion de vos douleurs aigu\u00ebs ou chroniques. Il me fera plaisir de vous accompagner au mieux en vous proposant un plan de traitement adapt\u00e9 \u00e0 vos probl\u00e9matiques, dans un cadre convivial et professionnel !<\/p>\n<p>[\/et_pb_text][et_pb_button button_url=&#8221;https:\/\/www.doctoranytime.be\/d\/osteopathe\/lucas-vanpeperstraete?h=osteo-gribaumont&#8221; button_text=&#8221;RDV en ligne &#8221; _builder_version=&#8221;3.19.3&#8243;][\/et_pb_button][\/et_pb_column][\/et_pb_row][\/et_pb_section]<\/p>\n","protected":false},"excerpt":{"rendered":"<p>[et_pb_section fb_built=&#8221;1&#8243; _builder_version=&#8221;3.19.3&#8243;][et_pb_row custom_padding=&#8221;22px|0px|24.9375px|0px|false|false&#8221; _builder_version=&#8221;3.19.3&#8243;][et_pb_column type=&#8221;1_2&#8243; _builder_version=&#8221;3.19.3&#8243; parallax=&#8221;off&#8221; parallax_method=&#8221;on&#8221;][et_pb_team_member name=&#8221;Lucas Vanpeperstraete &#8211; Ost\u00e9opathe &#8221; image_url=&#8221;https:\/\/osteo-gribaumont.be\/wp-content\/uploads\/2025\/12\/WhatsApp-Image-2025-12-03-a-14.35.08_b9084f80.jpg&#8221; _builder_version=&#8221;3.19.3&#8243; header_font=&#8221;Montserrat||||||||&#8221; header_text_color=&#8221;#55596d&#8221; header_font_size=&#8221;24px&#8221; header_line_height=&#8221;1.5em&#8221; body_font=&#8221;Montserrat||||||||&#8221; body_text_color=&#8221;#adcede&#8221; body_font_size=&#8221;17px&#8221; body_line_height=&#8221;1.4em&#8221; border_width_all_image=&#8221;17px&#8221; border_color_all_image=&#8221;#f1f5f7&#8243; text_orientation=&#8221;left&#8221; background_layout=&#8221;dark&#8221;] Ost\u00e9opathe &#8211; FR-EN Consultations : mercredi : 08h-20h RDV :\u00a0+ 33 7 85 56 58 57\u00a0 lucas.vanpeperstraete@gmail.com [\/et_pb_team_member][\/et_pb_column][et_pb_column type=&#8221;1_2&#8243; _builder_version=&#8221;3.19.3&#8243; parallax=&#8221;off&#8221; parallax_method=&#8221;on&#8221;][et_pb_text _builder_version=&#8221;3.19.3&#8243; text_font=&#8221;Montserrat||||||||&#8221; text_text_color=&#8221;#adcede&#8221; text_font_size=&#8221;15px&#8221;] Dipl\u00f4m\u00e9 [&hellip;]<\/p>\n","protected":false},"author":1,"featured_media":0,"parent":0,"menu_order":0,"comment_status":"closed","ping_status":"closed","template":"","meta":{"_et_pb_use_builder":"on","_et_pb_old_content":"","footnotes":""},"_links":{"self":[{"href":"https:\/\/osteo-gribaumont.be\/index.php\/wp-json\/wp\/v2\/pages\/69"}],"collection":[{"href":"https:\/\/osteo-gribaumont.be\/index.php\/wp-json\/wp\/v2\/pages"}],"about":[{"href":"https:\/\/osteo-gribaumont.be\/index.php\/wp-json\/wp\/v2\/types\/page"}],"author":[{"embeddable":true,"href":"https:\/\/osteo-gribaumont.be\/index.php\/wp-json\/wp\/v2\/users\/1"}],"replies":[{"embeddable":true,"href":"https:\/\/osteo-gribaumont.be\/index.php\/wp-json\/wp\/v2\/comments?post=69"}],"version-history":[{"count":31,"href":"https:\/\/osteo-gribaumont.be\/index.php\/wp-json\/wp\/v2\/pages\/69\/revisions"}],"predecessor-version":[{"id":24156,"href":"https:\/\/osteo-gribaumont.be\/index.php\/wp-json\/wp\/v2\/pages\/69\/revisions\/24156"}],"wp:attachment":[{"href":"https:\/\/osteo-gribaumont.be\/index.php\/wp-json\/wp\/v2\/media?parent=69"}],"curies":[{"name":"wp","href":"https:\/\/api.w.org\/{rel}","templated":true}]}}